{"id":1100,"date":"2024-05-22T07:33:24","date_gmt":"2024-05-22T07:33:24","guid":{"rendered":"https:\/\/darafamilyoffice.com\/missio-i-visio\/"},"modified":"2025-01-27T12:53:51","modified_gmt":"2025-01-27T12:53:51","slug":"missio-i-visio","status":"publish","type":"page","link":"https:\/\/darafamilyoffice.com\/ca\/missio-i-visio\/","title":{"rendered":"Missi\u00f3 i Visi\u00f3"},"content":{"rendered":"<div class=\"wpb-content-wrapper\">[vc_section full_width=&#8221;stretch_row&#8221; wpex_bg_overlay=&#8221;color&#8221; wpex_bg_overlay_color=&#8221;accent&#8221; wpex_bg_overlay_opacity=&#8221;0.9&#8243; css=&#8221;.vc_custom_1730368913163{padding-top: 80px !important;padding-bottom: 80px !important;background-image: url(https:\/\/darafamilyoffice.com\/wp-content\/uploads\/2024\/10\/title-header-bg.jpg?id=610) !important;background-position: center !important;background-repeat: no-repeat !important;background-size: cover !important;}&#8221;][vc_row remove_bottom_col_margin=&#8221;true&#8221;][vc_column]<style>.vcex-heading.vcex_69f2ebe667795{color:var(--wpex-on-accent);font-size:32px;font-weight:300;text-transform:uppercase;}.vcex-heading.vcex_69f2ebe667795 .vcex-heading-side-border__border{border-color:rgba(255,255,255,0.47);}<\/style><h2 class=\"vcex-heading vcex-heading-side-border vcex-module wpex-heading wpex-text-2xl wpex-flex wpex-items-center wpex-text-left vcex_69f2ebe667795\"><span class=\"vcex-heading-inner wpex-inline-block\">Prop\u00f2sit i valors<\/span><span class=\"vcex-heading-side-border__border wpex-flex-grow wpex-h-0 wpex-border-solid wpex-ml-15 wpex-border-b\"><\/span><\/h2>[\/vc_column][\/vc_row][\/vc_section][vc_section full_width=&#8221;stretch_row_content&#8221; css=&#8221;.vc_custom_1730366348312{padding-top: 0px !important;padding-bottom: 0px !important;}&#8221;][vc_row css_animation=&#8221;fadeInLeft&#8221; content_placement=&#8221;middle&#8221; column_spacing=&#8221;0px&#8221; equal_height=&#8221;yes&#8221; tablet_fullwidth_cols=&#8221;yes&#8221;][vc_column width=&#8221;1\/2&#8243; css=&#8221;.vc_custom_1717411558978{padding-top: 5% !important;padding-right: 10% !important;padding-bottom: 5% !important;padding-left: 10% !important;}&#8221; el_class=&#8221;degradat-corporatiu&#8221;][vc_column_text color=&#8221;#5b6670&#8243; font_size=&#8221;40px&#8221; font_weight=&#8221;300&#8243;]\n<h3 class=\"text-d-3\"><img decoding=\"async\" class=\"img-d\" src=\"\/wp-content\/uploads\/2024\/10\/d-gris.svg\" alt=\"d'Ara\" width=\"50\" \/>Proposta de valor<\/h3>\n[\/vc_column_text]<div class=\"vcex-spacing wpex-w-100 wpex-clear\" style=\"height:20px;\"><\/div>[vc_column_text font_size=&#8221;20px&#8221;]<strong>D&#8217;Ara Family Office<\/strong> \u00e9s un <strong>grup inversor amb m\u00e9s d&#8217;un segle d&#8217;experi\u00e8ncia en la gesti\u00f3 i el creixement d&#8217;actius<\/strong> , comprom\u00e8s amb la sostenibilitat i la generaci\u00f3 de valor a llarg termini tant a nivell intern com a la societat. La nostra gesti\u00f3 integral i visi\u00f3 de futur ens permeten adaptar cada inversi\u00f3 als requeriments del projecte, creant aix\u00ed un impacte positiu i responsable.[\/vc_column_text][\/vc_column][vc_column parallax=&#8221;content-moving&#8221; parallax_image=&#8221;705&#8243; width=&#8221;1\/2&#8243; min_height=&#8221;500px&#8221;][\/vc_column][\/vc_row][vc_row css_animation=&#8221;fadeInRight&#8221; content_placement=&#8221;middle&#8221; column_spacing=&#8221;0px&#8221; equal_height=&#8221;yes&#8221; columns_right=&#8221;yes&#8221; tablet_fullwidth_cols=&#8221;yes&#8221;][vc_column width=&#8221;1\/2&#8243; css=&#8221;.vc_custom_1717411656752{padding-top: 5% !important;padding-right: 10% !important;padding-bottom: 5% !important;padding-left: 10% !important;}&#8221; el_class=&#8221;degradat-corporatiu&#8221;][vc_column_text color=&#8221;#5b6670&#8243; font_size=&#8221;40px&#8221; font_weight=&#8221;300&#8243;]\n<h3 class=\"text-d-3\"><img decoding=\"async\" class=\"img-d\" src=\"\/wp-content\/uploads\/2024\/10\/d-gris.svg\" alt=\"d'Ara\" width=\"50\" \/>Missi\u00f3<\/h3>\n[\/vc_column_text]<div class=\"vcex-spacing wpex-w-100 wpex-clear\" style=\"height:20px;\"><\/div>[vc_column_text font_size=&#8221;20px&#8221;]Guiats per una s\u00f2lida tradici\u00f3 familiar, a d&#8217;Ara Family Office gestionem un portafoli diversificat amb un enfocament prudent i responsable, creant <strong>solucions que impulsen un desenvolupament econ\u00f2mic sostenible i recolzen el benestar de les nostres comunitats<\/strong> .[\/vc_column_text][\/vc_column][vc_column parallax=&#8221;content-moving&#8221; parallax_image=&#8221;823&#8243; width=&#8221;1\/2&#8243; min_height=&#8221;500px&#8221;][\/vc_column][\/vc_row][vc_row css_animation=&#8221;fadeInLeft&#8221; content_placement=&#8221;middle&#8221; column_spacing=&#8221;0px&#8221; equal_height=&#8221;yes&#8221; tablet_fullwidth_cols=&#8221;yes&#8221;][vc_column width=&#8221;1\/2&#8243; css=&#8221;.vc_custom_1717411667654{padding-top: 5% !important;padding-right: 10% !important;padding-bottom: 5% !important;padding-left: 10% !important;}&#8221; el_class=&#8221;degradat-corporatiu&#8221;][vc_column_text color=&#8221;#5b6670&#8243; font_size=&#8221;40px&#8221; font_weight=&#8221;300&#8243;]\n<h3 class=\"text-d-3\"><img decoding=\"async\" class=\"img-d\" src=\"\/wp-content\/uploads\/2024\/10\/d-gris.svg\" alt=\"d'Ara\" width=\"50\" \/>Visi\u00f3<\/h3>\n[\/vc_column_text]<div class=\"vcex-spacing wpex-w-100 wpex-clear\" style=\"height:20px;\"><\/div>[vc_column_text font_size=&#8221;20px&#8221;]Ser reconeguts com el <strong>principal referent en inversions immobili\u00e0ries, gesti\u00f3 d&#8217;actius i inversi\u00f3 privada<\/strong> , amb projecci\u00f3 internacional, integrant sostenibilitat, innovaci\u00f3 i un enfocament hum\u00e0 a cada decisi\u00f3, per contribuir al desenvolupament econ\u00f2mic de les generacions futures.[\/vc_column_text][\/vc_column][vc_column parallax=&#8221;content-moving&#8221; parallax_image=&#8221;825&#8243; width=&#8221;1\/2&#8243; min_height=&#8221;500px&#8221;][\/vc_column][\/vc_row][\/vc_section][vc_section css_animation=&#8221;none&#8221; full_width=&#8221;stretch_row_content&#8221; parallax=&#8221;content-moving&#8221; parallax_image=&#8221;146&#8243; css=&#8221;.vc_custom_1730711178735{padding-top: 100px !important;padding-bottom: 100px !important;background-color: #e1241b !important;}&#8221; wpex_bg_overlay=&#8221;color&#8221; wpex_bg_overlay_color=&#8221;accent&#8221; wpex_bg_overlay_opacity=&#8221;0.95&#8243; local_scroll_id=&#8221;valores&#8221; el_id=&#8221;valores&#8221;][vc_row][vc_column][vc_column_text font_size=&#8221;40px&#8221; font_weight=&#8221;300&#8243; text_transform=&#8221;uppercase&#8221; color=&#8221;on-accent&#8221;]\n<h3 class=\"text-d\"><img decoding=\"async\" class=\"img-d\" src=\"\/wp-content\/uploads\/2024\/10\/d-blanca.svg\" alt=\"d'Ara\" width=\"50\" \/>Valors<\/h3>\n[\/vc_column_text][\/vc_column][\/vc_row][vc_row tablet_fullwidth_cols=&#8221;yes&#8221; max_width_custom=&#8221;1500px&#8221;][vc_column width=&#8221;1\/4&#8243;]<style>.vcex-icon-box.vcex_69f2ebe669ec4:hover{background-color:rgba(255,255,255,0.08);}.vcex-icon-box.vcex_69f2ebe669ec4 .vcex-icon-box-content{color:var(--wpex-on-accent);font-size:16px;}.vcex-icon-box.vcex_69f2ebe669ec4 .vcex-icon-box-heading{margin-bottom:15px;color:var(--wpex-on-accent);font-size:20px;font-weight:300;text-transform:uppercase;}.vcex-icon-box.vcex_69f2ebe669ec4 .vcex-icon-box-icon{color:var(--wpex-on-accent);}.vcex-icon-box.vcex_69f2ebe669ec4 .vcex-icon-box-image{width:100px;}@media (max-width:1024px){.vcex-icon-box.vcex_69f2ebe669ec4 .vcex-icon-box-heading{font-size:18px;}}@media (max-width:959px){.vcex-icon-box.vcex_69f2ebe669ec4 .vcex-icon-box-heading{font-size:16px;}}@media (max-width:767px){.vcex-icon-box.vcex_69f2ebe669ec4 .vcex-icon-box-heading{font-size:20px;}}@media (max-width:479px){.vcex-icon-box.vcex_69f2ebe669ec4 .vcex-icon-box-heading{font-size:20px;}}<\/style><div class=\"vcex-module vcex-icon-box vcex-icon-box-four wpex-block wpex-text-center wpex-p-30 wpex-bordered caixes-valores vcex_69f2ebe669ec4\"><div class=\"vcex-icon-box-symbol vcex-icon-box-symbol--image wpex-mb-20\"><img loading=\"lazy\" class=\"vcex-icon-box-image wpex-align-middle\" decoding=\"async\" src=\"https:\/\/darafamilyoffice.com\/wp-content\/uploads\/2024\/11\/icones-vision-1-100x100.png\" alt=\"\" srcset=\"https:\/\/darafamilyoffice.com\/wp-content\/uploads\/2024\/11\/icones-vision-1-100x100.png 100w, https:\/\/darafamilyoffice.com\/wp-content\/uploads\/2024\/11\/icones-vision-1-300x300.png 300w, https:\/\/darafamilyoffice.com\/wp-content\/uploads\/2024\/11\/icones-vision-1-150x150.png 150w, https:\/\/darafamilyoffice.com\/wp-content\/uploads\/2024\/11\/icones-vision-1-250x250.png 250w, https:\/\/darafamilyoffice.com\/wp-content\/uploads\/2024\/11\/icones-vision-1.png 620w\" width=\"100\" height=\"100\"><\/div><div class=\"vcex-icon-box-text\"><h2 class=\"vcex-icon-box-heading wpex-heading\">Innovaci\u00f3 i emprenedoria<\/h2><div class=\"vcex-icon-box-content wpex-last-mb-0 wpex-clr\"><p>Fomentem un esperit emprenedor i una mentalitat innovadora a cada projecte i decisi\u00f3 d&#8217;inversi\u00f3.<\/p>\n<\/div><\/div><\/div>[\/vc_column][vc_column width=&#8221;1\/4&#8243;]<style>.vcex-icon-box.vcex_69f2ebe66c65a:hover{background-color:rgba(255,255,255,0.08);}.vcex-icon-box.vcex_69f2ebe66c65a .vcex-icon-box-content{color:var(--wpex-on-accent);font-size:16px;}.vcex-icon-box.vcex_69f2ebe66c65a .vcex-icon-box-heading{margin-bottom:15px;color:var(--wpex-on-accent);font-size:20px;font-weight:300;text-transform:uppercase;}.vcex-icon-box.vcex_69f2ebe66c65a .vcex-icon-box-icon{color:var(--wpex-on-accent);}.vcex-icon-box.vcex_69f2ebe66c65a .vcex-icon-box-image{width:100px;}@media (max-width:1024px){.vcex-icon-box.vcex_69f2ebe66c65a .vcex-icon-box-heading{font-size:18px;}}@media (max-width:959px){.vcex-icon-box.vcex_69f2ebe66c65a .vcex-icon-box-heading{font-size:16px;}}@media (max-width:767px){.vcex-icon-box.vcex_69f2ebe66c65a .vcex-icon-box-heading{font-size:20px;}}@media (max-width:479px){.vcex-icon-box.vcex_69f2ebe66c65a .vcex-icon-box-heading{font-size:20px;}}<\/style><div class=\"vcex-module vcex-icon-box vcex-icon-box-four wpex-block wpex-text-center wpex-p-30 wpex-bordered caixes-valores vcex_69f2ebe66c65a\"><div class=\"vcex-icon-box-symbol vcex-icon-box-symbol--image wpex-mb-20\"><img loading=\"lazy\" class=\"vcex-icon-box-image wpex-align-middle\" decoding=\"async\" src=\"https:\/\/darafamilyoffice.com\/wp-content\/uploads\/2024\/11\/icones-vision-2-100x100.png\" alt=\"\" srcset=\"https:\/\/darafamilyoffice.com\/wp-content\/uploads\/2024\/11\/icones-vision-2-100x100.png 100w, https:\/\/darafamilyoffice.com\/wp-content\/uploads\/2024\/11\/icones-vision-2-300x300.png 300w, https:\/\/darafamilyoffice.com\/wp-content\/uploads\/2024\/11\/icones-vision-2-150x150.png 150w, https:\/\/darafamilyoffice.com\/wp-content\/uploads\/2024\/11\/icones-vision-2-250x250.png 250w, https:\/\/darafamilyoffice.com\/wp-content\/uploads\/2024\/11\/icones-vision-2.png 620w\" width=\"100\" height=\"100\"><\/div><div class=\"vcex-icon-box-text\"><h2 class=\"vcex-icon-box-heading wpex-heading\">Esfor\u00e7 i comprom\u00eds<\/h2><div class=\"vcex-icon-box-content wpex-last-mb-0 wpex-clr\"><p>Ens dediquem amb disciplina i const\u00e0ncia a mantenir i expandir el nostre llegat familiar.<\/p>\n<\/div><\/div><\/div>[\/vc_column][vc_column width=&#8221;1\/4&#8243;]<style>.vcex-icon-box.vcex_69f2ebe66e08b:hover{background-color:rgba(255,255,255,0.08);}.vcex-icon-box.vcex_69f2ebe66e08b .vcex-icon-box-content{color:var(--wpex-on-accent);font-size:16px;}.vcex-icon-box.vcex_69f2ebe66e08b .vcex-icon-box-heading{margin-bottom:15px;color:var(--wpex-on-accent);font-size:20px;font-weight:300;text-transform:uppercase;}.vcex-icon-box.vcex_69f2ebe66e08b .vcex-icon-box-icon{color:var(--wpex-on-accent);}.vcex-icon-box.vcex_69f2ebe66e08b .vcex-icon-box-image{width:100px;}@media (max-width:1024px){.vcex-icon-box.vcex_69f2ebe66e08b .vcex-icon-box-heading{font-size:18px;}}@media (max-width:959px){.vcex-icon-box.vcex_69f2ebe66e08b .vcex-icon-box-heading{font-size:16px;}}@media (max-width:767px){.vcex-icon-box.vcex_69f2ebe66e08b .vcex-icon-box-heading{font-size:20px;}}@media (max-width:479px){.vcex-icon-box.vcex_69f2ebe66e08b .vcex-icon-box-heading{font-size:20px;}}<\/style><div class=\"vcex-module vcex-icon-box vcex-icon-box-four wpex-block wpex-text-center wpex-p-30 wpex-bordered caixes-valores vcex_69f2ebe66e08b\"><div class=\"vcex-icon-box-symbol vcex-icon-box-symbol--image wpex-mb-20\"><img loading=\"lazy\" class=\"vcex-icon-box-image wpex-align-middle\" decoding=\"async\" src=\"https:\/\/darafamilyoffice.com\/wp-content\/uploads\/2024\/11\/icones-vision-3-1-100x100.png\" alt=\"\" srcset=\"https:\/\/darafamilyoffice.com\/wp-content\/uploads\/2024\/11\/icones-vision-3-1-100x100.png 100w, https:\/\/darafamilyoffice.com\/wp-content\/uploads\/2024\/11\/icones-vision-3-1-300x300.png 300w, https:\/\/darafamilyoffice.com\/wp-content\/uploads\/2024\/11\/icones-vision-3-1-150x150.png 150w, https:\/\/darafamilyoffice.com\/wp-content\/uploads\/2024\/11\/icones-vision-3-1-250x250.png 250w, https:\/\/darafamilyoffice.com\/wp-content\/uploads\/2024\/11\/icones-vision-3-1.png 620w\" width=\"100\" height=\"100\"><\/div><div class=\"vcex-icon-box-text\"><h2 class=\"vcex-icon-box-heading wpex-heading\">Sostenibilitat<\/h2><div class=\"vcex-icon-box-content wpex-last-mb-0 wpex-clr\"><p>Invertim de manera responsable, promovent pr\u00e0ctiques que minimitzin l&#8217;impacte ambiental i benefici\u00efn la comunitat.<\/p>\n<\/div><\/div><\/div>[\/vc_column][vc_column width=&#8221;1\/4&#8243;]<style>.vcex-icon-box.vcex_69f2ebe66f9ef:hover{background-color:rgba(255,255,255,0.08);}.vcex-icon-box.vcex_69f2ebe66f9ef .vcex-icon-box-content{color:var(--wpex-on-accent);font-size:16px;}.vcex-icon-box.vcex_69f2ebe66f9ef .vcex-icon-box-heading{margin-bottom:15px;color:var(--wpex-on-accent);font-size:20px;font-weight:300;text-transform:uppercase;}.vcex-icon-box.vcex_69f2ebe66f9ef .vcex-icon-box-icon{color:var(--wpex-on-accent);}.vcex-icon-box.vcex_69f2ebe66f9ef .vcex-icon-box-image{width:100px;}@media (max-width:1024px){.vcex-icon-box.vcex_69f2ebe66f9ef .vcex-icon-box-heading{font-size:18px;}}@media (max-width:959px){.vcex-icon-box.vcex_69f2ebe66f9ef .vcex-icon-box-heading{font-size:16px;}}@media (max-width:767px){.vcex-icon-box.vcex_69f2ebe66f9ef .vcex-icon-box-heading{font-size:20px;}}@media (max-width:479px){.vcex-icon-box.vcex_69f2ebe66f9ef .vcex-icon-box-heading{font-size:20px;}}<\/style><div class=\"vcex-module vcex-icon-box vcex-icon-box-four wpex-block wpex-text-center wpex-p-30 wpex-bordered caixes-valores vcex_69f2ebe66f9ef\"><div class=\"vcex-icon-box-symbol vcex-icon-box-symbol--image wpex-mb-20\"><img loading=\"lazy\" class=\"vcex-icon-box-image wpex-align-middle\" decoding=\"async\" src=\"https:\/\/darafamilyoffice.com\/wp-content\/uploads\/2024\/11\/icones-vision-4-2-100x100.png\" alt=\"\" srcset=\"https:\/\/darafamilyoffice.com\/wp-content\/uploads\/2024\/11\/icones-vision-4-2-100x100.png 100w, https:\/\/darafamilyoffice.com\/wp-content\/uploads\/2024\/11\/icones-vision-4-2-300x300.png 300w, https:\/\/darafamilyoffice.com\/wp-content\/uploads\/2024\/11\/icones-vision-4-2-150x150.png 150w, https:\/\/darafamilyoffice.com\/wp-content\/uploads\/2024\/11\/icones-vision-4-2-250x250.png 250w, https:\/\/darafamilyoffice.com\/wp-content\/uploads\/2024\/11\/icones-vision-4-2.png 620w\" width=\"100\" height=\"100\"><\/div><div class=\"vcex-icon-box-text\"><h2 class=\"vcex-icon-box-heading wpex-heading\">Centrats en el factor hum\u00e0 i familiar<\/h2><div class=\"vcex-icon-box-content wpex-last-mb-0 wpex-clr\"><p>Valorem i cuidem les relacions de confian\u00e7a amb els nostres socis i la comunitat, col\u00b7locant les persones al centre de la nostra missi\u00f3.<\/p>\n<\/div><\/div><\/div>[\/vc_column][\/vc_row][\/vc_section]\n<\/div>","protected":false},"excerpt":{"rendered":"<p>[vc_section full_width=&#8221;stretch_row&#8221; wpex_bg_overlay=&#8221;color&#8221; wpex_bg_overlay_color=&#8221;accent&#8221; wpex_bg_overlay_opacity=&#8221;0.9&#8243; css=&#8221;.vc_custom_1730368913163{padding-top: 80px !important;padding-bottom: 80px !important;background-image: url(https:\/\/darafamilyoffice.com\/wp-content\/uploads\/2024\/10\/title-header-bg.jpg?id=610) !important;background-position: center !important;background-repeat: no-repeat !important;background-size: cover !important;}&#8221;][vc_row remove_bottom_col_margin=&#8221;true&#8221;][vc_column][\/vc_column][\/vc_row][\/vc_section][vc_section full_width=&#8221;stretch_row_content&#8221; css=&#8221;.vc_custom_1730366348312{padding-top: 0px !important;padding-bottom: 0px !important;}&#8221;][vc_row css_animation=&#8221;fadeInLeft&#8221; content_placement=&#8221;middle&#8221; column_spacing=&#8221;0px&#8221; equal_height=&#8221;yes&#8221; tablet_fullwidth_cols=&#8221;yes&#8221;][vc_column width=&#8221;1\/2&#8243; css=&#8221;.vc_custom_1717411558978{padding-top: 5% !important;padding-right: 10% !important;padding-bottom: 5% !important;padding-left: 10% !important;}&#8221; el_class=&#8221;degradat-corporatiu&#8221;][vc_column_text color=&#8221;#5b6670&#8243; font_size=&#8221;40px&#8221; font_weight=&#8221;300&#8243;] Proposta de valor [\/vc_column_text][vc_column_text font_size=&#8221;20px&#8221;]D&#8217;Ara Family Office \u00e9s un grup inversor&hellip;<\/p>\n","protected":false},"author":1,"featured_media":0,"parent":0,"menu_order":0,"comment_status":"closed","ping_status":"closed","template":"","meta":{"footnotes":""},"class_list":["post-1100","page","type-page","status-publish","hentry","entry","no-media"],"yoast_head":"<!-- This site is optimized with the Yoast SEO plugin v24.3 - https:\/\/yoast.com\/wordpress\/plugins\/seo\/ -->\n<title>Missi\u00f3 i Visi\u00f3 - d&#039;Ara Family Office<\/title>\n<meta name=\"robots\" content=\"index, follow, max-snippet:-1, max-image-preview:large, max-video-preview:-1\" \/>\n<link rel=\"canonical\" href=\"https:\/\/darafamilyoffice.com\/mision-y-vision\/\" \/>\n<meta property=\"og:locale\" content=\"ca_ES\" \/>\n<meta property=\"og:type\" content=\"article\" \/>\n<meta property=\"og:title\" content=\"Missi\u00f3 i Visi\u00f3 - d&#039;Ara Family Office\" \/>\n<meta property=\"og:description\" content=\"[vc_section full_width=&#8221;stretch_row&#8221; wpex_bg_overlay=&#8221;color&#8221; wpex_bg_overlay_color=&#8221;accent&#8221; wpex_bg_overlay_opacity=&#8221;0.9&#8243; css=&#8221;.vc_custom_1730368913163{padding-top: 80px !important;padding-bottom: 80px !important;background-image: url(https:\/\/darafamilyoffice.com\/wp-content\/uploads\/2024\/10\/title-header-bg.jpg?id=610) !important;background-position: center !important;background-repeat: no-repeat !important;background-size: cover !important;}&#8221;][vc_row remove_bottom_col_margin=&#8221;true&#8221;][vc_column][\/vc_column][\/vc_row][\/vc_section][vc_section full_width=&#8221;stretch_row_content&#8221; css=&#8221;.vc_custom_1730366348312{padding-top: 0px !important;padding-bottom: 0px !important;}&#8221;][vc_row css_animation=&#8221;fadeInLeft&#8221; content_placement=&#8221;middle&#8221; column_spacing=&#8221;0px&#8221; equal_height=&#8221;yes&#8221; tablet_fullwidth_cols=&#8221;yes&#8221;][vc_column width=&#8221;1\/2&#8243; css=&#8221;.vc_custom_1717411558978{padding-top: 5% !important;padding-right: 10% !important;padding-bottom: 5% !important;padding-left: 10% !important;}&#8221; el_class=&#8221;degradat-corporatiu&#8221;][vc_column_text color=&#8221;#5b6670&#8243; font_size=&#8221;40px&#8221; font_weight=&#8221;300&#8243;] Proposta de valor [\/vc_column_text][vc_column_text font_size=&#8221;20px&#8221;]D&#8217;Ara Family Office \u00e9s un grup inversor&hellip;\" \/>\n<meta property=\"og:url\" content=\"https:\/\/darafamilyoffice.com\/mision-y-vision\/\" \/>\n<meta property=\"og:site_name\" content=\"d&#039;Ara Family Office\" \/>\n<meta property=\"article:modified_time\" content=\"2025-01-27T12:53:51+00:00\" \/>\n<meta name=\"twitter:card\" content=\"summary_large_image\" \/>\n<meta name=\"twitter:label1\" content=\"Temps estimat de lectura\" \/>\n\t<meta name=\"twitter:data1\" content=\"4 minuts\" \/>\n<script type=\"application\/ld+json\" class=\"yoast-schema-graph\">{\"@context\":\"https:\/\/schema.org\",\"@graph\":[{\"@type\":\"WebPage\",\"@id\":\"https:\/\/darafamilyoffice.com\/mision-y-vision\/\",\"url\":\"https:\/\/darafamilyoffice.com\/mision-y-vision\/\",\"name\":\"Missi\u00f3 i Visi\u00f3 - d&#039;Ara Family Office\",\"isPartOf\":{\"@id\":\"https:\/\/darafamilyoffice.com\/#website\"},\"datePublished\":\"2024-05-22T07:33:24+00:00\",\"dateModified\":\"2025-01-27T12:53:51+00:00\",\"breadcrumb\":{\"@id\":\"https:\/\/darafamilyoffice.com\/mision-y-vision\/#breadcrumb\"},\"inLanguage\":\"ca\",\"potentialAction\":[{\"@type\":\"ReadAction\",\"target\":[\"https:\/\/darafamilyoffice.com\/mision-y-vision\/\"]}]},{\"@type\":\"BreadcrumbList\",\"@id\":\"https:\/\/darafamilyoffice.com\/mision-y-vision\/#breadcrumb\",\"itemListElement\":[{\"@type\":\"ListItem\",\"position\":1,\"name\":\"Home\",\"item\":\"https:\/\/darafamilyoffice.com\/ca\/\"},{\"@type\":\"ListItem\",\"position\":2,\"name\":\"Missi\u00f3 i Visi\u00f3\"}]},{\"@type\":\"WebSite\",\"@id\":\"https:\/\/darafamilyoffice.com\/#website\",\"url\":\"https:\/\/darafamilyoffice.com\/\",\"name\":\"d&#039;Ara Family Office\",\"description\":\"\",\"publisher\":{\"@id\":\"https:\/\/darafamilyoffice.com\/#organization\"},\"potentialAction\":[{\"@type\":\"SearchAction\",\"target\":{\"@type\":\"EntryPoint\",\"urlTemplate\":\"https:\/\/darafamilyoffice.com\/?s={search_term_string}\"},\"query-input\":{\"@type\":\"PropertyValueSpecification\",\"valueRequired\":true,\"valueName\":\"search_term_string\"}}],\"inLanguage\":\"ca\"},{\"@type\":\"Organization\",\"@id\":\"https:\/\/darafamilyoffice.com\/#organization\",\"name\":\"d&#039;Ara Family Office\",\"url\":\"https:\/\/darafamilyoffice.com\/\",\"logo\":{\"@type\":\"ImageObject\",\"inLanguage\":\"ca\",\"@id\":\"https:\/\/darafamilyoffice.com\/#\/schema\/logo\/image\/\",\"url\":\"https:\/\/darafamilyoffice.com\/wp-content\/uploads\/2024\/05\/logo-family-office.svg\",\"contentUrl\":\"https:\/\/darafamilyoffice.com\/wp-content\/uploads\/2024\/05\/logo-family-office.svg\",\"width\":351.8,\"height\":207,\"caption\":\"d&#039;Ara Family Office\"},\"image\":{\"@id\":\"https:\/\/darafamilyoffice.com\/#\/schema\/logo\/image\/\"}}]}<\/script>\n<!-- \/ Yoast SEO plugin. -->","yoast_head_json":{"title":"Missi\u00f3 i Visi\u00f3 - d&#039;Ara Family Office","robots":{"index":"index","follow":"follow","max-snippet":"max-snippet:-1","max-image-preview":"max-image-preview:large","max-video-preview":"max-video-preview:-1"},"canonical":"https:\/\/darafamilyoffice.com\/mision-y-vision\/","og_locale":"ca_ES","og_type":"article","og_title":"Missi\u00f3 i Visi\u00f3 - d&#039;Ara Family Office","og_description":"[vc_section full_width=&#8221;stretch_row&#8221; wpex_bg_overlay=&#8221;color&#8221; wpex_bg_overlay_color=&#8221;accent&#8221; wpex_bg_overlay_opacity=&#8221;0.9&#8243; css=&#8221;.vc_custom_1730368913163{padding-top: 80px !important;padding-bottom: 80px !important;background-image: url(https:\/\/darafamilyoffice.com\/wp-content\/uploads\/2024\/10\/title-header-bg.jpg?id=610) !important;background-position: center !important;background-repeat: no-repeat !important;background-size: cover !important;}&#8221;][vc_row remove_bottom_col_margin=&#8221;true&#8221;][vc_column][\/vc_column][\/vc_row][\/vc_section][vc_section full_width=&#8221;stretch_row_content&#8221; css=&#8221;.vc_custom_1730366348312{padding-top: 0px !important;padding-bottom: 0px !important;}&#8221;][vc_row css_animation=&#8221;fadeInLeft&#8221; content_placement=&#8221;middle&#8221; column_spacing=&#8221;0px&#8221; equal_height=&#8221;yes&#8221; tablet_fullwidth_cols=&#8221;yes&#8221;][vc_column width=&#8221;1\/2&#8243; css=&#8221;.vc_custom_1717411558978{padding-top: 5% !important;padding-right: 10% !important;padding-bottom: 5% !important;padding-left: 10% !important;}&#8221; el_class=&#8221;degradat-corporatiu&#8221;][vc_column_text color=&#8221;#5b6670&#8243; font_size=&#8221;40px&#8221; font_weight=&#8221;300&#8243;] Proposta de valor [\/vc_column_text][vc_column_text font_size=&#8221;20px&#8221;]D&#8217;Ara Family Office \u00e9s un grup inversor&hellip;","og_url":"https:\/\/darafamilyoffice.com\/mision-y-vision\/","og_site_name":"d&#039;Ara Family Office","article_modified_time":"2025-01-27T12:53:51+00:00","twitter_card":"summary_large_image","twitter_misc":{"Temps estimat de lectura":"4 minuts"},"schema":{"@context":"https:\/\/schema.org","@graph":[{"@type":"WebPage","@id":"https:\/\/darafamilyoffice.com\/mision-y-vision\/","url":"https:\/\/darafamilyoffice.com\/mision-y-vision\/","name":"Missi\u00f3 i Visi\u00f3 - d&#039;Ara Family Office","isPartOf":{"@id":"https:\/\/darafamilyoffice.com\/#website"},"datePublished":"2024-05-22T07:33:24+00:00","dateModified":"2025-01-27T12:53:51+00:00","breadcrumb":{"@id":"https:\/\/darafamilyoffice.com\/mision-y-vision\/#breadcrumb"},"inLanguage":"ca","potentialAction":[{"@type":"ReadAction","target":["https:\/\/darafamilyoffice.com\/mision-y-vision\/"]}]},{"@type":"BreadcrumbList","@id":"https:\/\/darafamilyoffice.com\/mision-y-vision\/#breadcrumb","itemListElement":[{"@type":"ListItem","position":1,"name":"Home","item":"https:\/\/darafamilyoffice.com\/ca\/"},{"@type":"ListItem","position":2,"name":"Missi\u00f3 i Visi\u00f3"}]},{"@type":"WebSite","@id":"https:\/\/darafamilyoffice.com\/#website","url":"https:\/\/darafamilyoffice.com\/","name":"d&#039;Ara Family Office","description":"","publisher":{"@id":"https:\/\/darafamilyoffice.com\/#organization"},"potentialAction":[{"@type":"SearchAction","target":{"@type":"EntryPoint","urlTemplate":"https:\/\/darafamilyoffice.com\/?s={search_term_string}"},"query-input":{"@type":"PropertyValueSpecification","valueRequired":true,"valueName":"search_term_string"}}],"inLanguage":"ca"},{"@type":"Organization","@id":"https:\/\/darafamilyoffice.com\/#organization","name":"d&#039;Ara Family Office","url":"https:\/\/darafamilyoffice.com\/","logo":{"@type":"ImageObject","inLanguage":"ca","@id":"https:\/\/darafamilyoffice.com\/#\/schema\/logo\/image\/","url":"https:\/\/darafamilyoffice.com\/wp-content\/uploads\/2024\/05\/logo-family-office.svg","contentUrl":"https:\/\/darafamilyoffice.com\/wp-content\/uploads\/2024\/05\/logo-family-office.svg","width":351.8,"height":207,"caption":"d&#039;Ara Family Office"},"image":{"@id":"https:\/\/darafamilyoffice.com\/#\/schema\/logo\/image\/"}}]}},"_links":{"self":[{"href":"https:\/\/darafamilyoffice.com\/ca\/wp-json\/wp\/v2\/pages\/1100","targetHints":{"allow":["GET"]}}],"collection":[{"href":"https:\/\/darafamilyoffice.com\/ca\/wp-json\/wp\/v2\/pages"}],"about":[{"href":"https:\/\/darafamilyoffice.com\/ca\/wp-json\/wp\/v2\/types\/page"}],"author":[{"embeddable":true,"href":"https:\/\/darafamilyoffice.com\/ca\/wp-json\/wp\/v2\/users\/1"}],"replies":[{"embeddable":true,"href":"https:\/\/darafamilyoffice.com\/ca\/wp-json\/wp\/v2\/comments?post=1100"}],"version-history":[{"count":3,"href":"https:\/\/darafamilyoffice.com\/ca\/wp-json\/wp\/v2\/pages\/1100\/revisions"}],"predecessor-version":[{"id":1145,"href":"https:\/\/darafamilyoffice.com\/ca\/wp-json\/wp\/v2\/pages\/1100\/revisions\/1145"}],"wp:attachment":[{"href":"https:\/\/darafamilyoffice.com\/ca\/wp-json\/wp\/v2\/media?parent=1100"}],"curies":[{"name":"wp","href":"https:\/\/api.w.org\/{rel}","templated":true}]}}