{"id":1094,"date":"2024-05-22T07:34:13","date_gmt":"2024-05-22T07:34:13","guid":{"rendered":"https:\/\/darafamilyoffice.com\/arees-dinversio\/"},"modified":"2025-01-28T10:15:25","modified_gmt":"2025-01-28T10:15:25","slug":"arees-dinversio","status":"publish","type":"page","link":"https:\/\/darafamilyoffice.com\/ca\/arees-dinversio\/","title":{"rendered":"\u00c0rees d&#8217;inversi\u00f3"},"content":{"rendered":"<div class=\"wpb-content-wrapper\">[vc_section full_width=&#8221;stretch_row&#8221; wpex_bg_overlay=&#8221;color&#8221; wpex_bg_overlay_color=&#8221;accent&#8221; wpex_bg_overlay_opacity=&#8221;0.9&#8243; css=&#8221;.vc_custom_1730369778110{padding-top: 80px !important;padding-bottom: 80px !important;background-image: url(https:\/\/darafamilyoffice.com\/wp-content\/uploads\/2024\/10\/title-header-bg.jpg?id=610) !important;background-position: center !important;background-repeat: no-repeat !important;background-size: cover !important;}&#8221;][vc_row remove_bottom_col_margin=&#8221;true&#8221;][vc_column]<style>.vcex-heading.vcex_69f2ec32c203c{color:var(--wpex-on-accent);font-size:32px;font-weight:300;text-transform:uppercase;}.vcex-heading.vcex_69f2ec32c203c .vcex-heading-side-border__border{border-color:rgba(255,255,255,0.47);}<\/style><h2 class=\"vcex-heading vcex-heading-side-border vcex-module wpex-heading wpex-text-2xl wpex-flex wpex-items-center wpex-text-left vcex_69f2ec32c203c\"><span class=\"vcex-heading-inner wpex-inline-block\">\u00c0rees d'inversi\u00f3<\/span><span class=\"vcex-heading-side-border__border wpex-flex-grow wpex-h-0 wpex-border-solid wpex-ml-15 wpex-border-b\"><\/span><\/h2>[\/vc_column][\/vc_row][\/vc_section][vc_section full_width=&#8221;stretch_row_content&#8221; css=&#8221;.vc_custom_1730710037652{padding-top: 0px !important;padding-bottom: 0px !important;}&#8221;][vc_row css_animation=&#8221;fadeInLeft&#8221; content_placement=&#8221;middle&#8221; column_spacing=&#8221;0px&#8221; equal_height=&#8221;yes&#8221; tablet_fullwidth_cols=&#8221;yes&#8221;][vc_column width=&#8221;1\/2&#8243; css=&#8221;.vc_custom_1717411558978{padding-top: 5% !important;padding-right: 10% !important;padding-bottom: 5% !important;padding-left: 10% !important;}&#8221; el_class=&#8221;degradat-corporatiu&#8221;][vc_column_text color=&#8221;#5b6670&#8243; font_size=&#8221;40px&#8221; font_weight=&#8221;300&#8243;]\n<h3 class=\"text-d-3\"><img decoding=\"async\" class=\"img-d\" src=\"\/wp-content\/uploads\/2024\/10\/d-gris.svg\" alt=\"d'Ara\" width=\"50\" \/>Inversions immobili\u00e0ries<\/h3>\n[\/vc_column_text]<div class=\"vcex-spacing wpex-w-100 wpex-clear\" style=\"height:20px;\"><\/div>[vc_column_text css=&#8221;&#8221; font_size=&#8221;20px&#8221;]<strong>D\u00e8cades<\/strong> gestionant actius immobiliaris amb l&#8217;objectiu de vendre o explotar el lloguer patrimonial. Aprofitem l&#8217;\u00e0mplia experi\u00e8ncia a Real Estate per crear carteres d&#8217;immobles equilibrades i amb una inversi\u00f3 sostenible.[\/vc_column_text][\/vc_column][vc_column parallax=&#8221;content-moving&#8221; parallax_image=&#8221;809&#8243; width=&#8221;1\/2&#8243; min_height=&#8221;500px&#8221;][\/vc_column][\/vc_row][vc_row css_animation=&#8221;fadeInRight&#8221; content_placement=&#8221;middle&#8221; column_spacing=&#8221;0px&#8221; equal_height=&#8221;yes&#8221; columns_right=&#8221;yes&#8221; tablet_fullwidth_cols=&#8221;yes&#8221;][vc_column width=&#8221;1\/2&#8243; css=&#8221;.vc_custom_1717411656752{padding-top: 5% !important;padding-right: 10% !important;padding-bottom: 5% !important;padding-left: 10% !important;}&#8221; el_class=&#8221;degradat-corporatiu&#8221;][vc_column_text color=&#8221;#5b6670&#8243; font_size=&#8221;40px&#8221; font_weight=&#8221;300&#8243;]\n<h3 class=\"text-d-3\"><img decoding=\"async\" class=\"img-d\" src=\"\/wp-content\/uploads\/2024\/10\/d-gris.svg\" alt=\"d'Ara\" width=\"50\" \/>Inversions privades i business angels<\/h3>\n[\/vc_column_text]<div class=\"vcex-spacing wpex-w-100 wpex-clear\" style=\"height:20px;\"><\/div>[vc_column_text css=&#8221;&#8221; font_size=&#8221;20px&#8221;]Invertim en <strong>start-ups,<\/strong> de manera directa com a socis inversors o formant part de fons d&#8217;inversi\u00f3. Acompanyem a les diferents fases del projecte i aportant el nostre knowhow empresarial, valors corporatius i cartera de partners.[\/vc_column_text]<div class=\"vcex-spacing wpex-w-100 wpex-clear\" style=\"height:20px;\"><\/div><style>.vcex-image.vcex_69f2ec32c2da4 .vcex-image-inner{max-width:400px;}<\/style><figure class=\"vcex-image vcex-module vcex_69f2ec32c2da4\"><div class=\"vcex-image-inner wpex-relative wpex-inline-block\"><img width=\"831\" height=\"125\" src=\"https:\/\/darafamilyoffice.com\/wp-content\/uploads\/2024\/11\/logos-inversiones-privadas-2.jpg\" class=\"vcex-image-img wpex-align-middle\" alt=\"\" loading=\"lazy\" decoding=\"async\" srcset=\"https:\/\/darafamilyoffice.com\/wp-content\/uploads\/2024\/11\/logos-inversiones-privadas-2.jpg 831w, https:\/\/darafamilyoffice.com\/wp-content\/uploads\/2024\/11\/logos-inversiones-privadas-2-300x45.jpg 300w, https:\/\/darafamilyoffice.com\/wp-content\/uploads\/2024\/11\/logos-inversiones-privadas-2-768x116.jpg 768w\" sizes=\"auto, (max-width: 831px) 100vw, 831px\" \/><\/div><\/figure>[\/vc_column][vc_column parallax=&#8221;content-moving&#8221; parallax_image=&#8221;588&#8243; width=&#8221;1\/2&#8243; min_height=&#8221;500px&#8221;][\/vc_column][\/vc_row][vc_row css_animation=&#8221;fadeInLeft&#8221; content_placement=&#8221;middle&#8221; column_spacing=&#8221;0px&#8221; equal_height=&#8221;yes&#8221; tablet_fullwidth_cols=&#8221;yes&#8221;][vc_column width=&#8221;1\/2&#8243; css=&#8221;.vc_custom_1717411667654{padding-top: 5% !important;padding-right: 10% !important;padding-bottom: 5% !important;padding-left: 10% !important;}&#8221; el_class=&#8221;degradat-corporatiu&#8221;][vc_column_text color=&#8221;#5b6670&#8243; font_size=&#8221;40px&#8221; font_weight=&#8221;300&#8243;]\n<h3 class=\"text-d-3\"><img decoding=\"async\" class=\"img-d\" src=\"\/wp-content\/uploads\/2024\/10\/d-gris.svg\" alt=\"d'Ara\" width=\"50\" \/>Inversions financeres<\/h3>\n[\/vc_column_text]<div class=\"vcex-spacing wpex-w-100 wpex-clear\" style=\"height:20px;\"><\/div>[vc_column_text font_size=&#8221;20px&#8221;]<strong>Invertim en fons equilibrats a nivell de risc<\/strong> i estrat\u00e8gies l\u00edquides i no l\u00edquides per aconseguir un retorn eficient. Som partners d&#8217;Allianz i treballem amb els fons d&#8217;inversi\u00f3 ActiveInvest.[\/vc_column_text][\/vc_column][vc_column parallax=&#8221;content-moving&#8221; parallax_image=&#8221;827&#8243; width=&#8221;1\/2&#8243; min_height=&#8221;500px&#8221;][\/vc_column][\/vc_row][\/vc_section][vc_section css_animation=&#8221;fadeInUp&#8221; full_width=&#8221;stretch_row&#8221; parallax=&#8221;content-moving&#8221; parallax_image=&#8221;146&#8243; css=&#8221;.vc_custom_1730369449996{padding-top: 100px !important;padding-bottom: 100px !important;background-color: #e1241b !important;}&#8221; wpex_bg_overlay=&#8221;color&#8221; wpex_bg_overlay_color=&#8221;accent&#8221; wpex_bg_overlay_opacity=&#8221;0.95&#8243;][vc_row][vc_column][vc_column_text font_size=&#8221;40px&#8221; font_weight=&#8221;300&#8243; text_transform=&#8221;uppercase&#8221; color=&#8221;on-accent&#8221;]\n<h3 class=\"text-d\"><img decoding=\"async\" class=\"img-d\" src=\"\/wp-content\/uploads\/2024\/10\/d-blanca.svg\" alt=\"d'Ara\" width=\"50\" \/><strong>TORRE D&#8217;ARA<\/strong> BUSINESS CENTER<\/h3>\n[\/vc_column_text][\/vc_column][\/vc_row][vc_row remove_bottom_col_margin=&#8221;true&#8221;][vc_column]<style>.vcex-video.vcex_69f2ec32c5df5{animation-duration:2,5;}.vcex-video.vcex_69f2ec32c5df5 .overlay__video-svg{width:60px;height:60px;}<\/style><div class=\"vcex-video wpex-bg-black  wpb_animate_when_almost_visible wpb_fadeInRight fadeInRight vcex_69f2ec32c5df5\" data-vcex-video-type=\"youtube\"><div class=\"vcex-video-inner wpex-relative\"><iframe class=\"wpex-block wpex-w-100 wpex-h-100 wpex-aspect-16-9\" data-src=\"https:\/\/youtube.com\/embed\/jCGWOBOBlUA?si=kwg8Ghm82t3JN3zx&#038;autoplay=1&#038;controls=0&#038;playsinline=1&#038;start=1\" title=\"\" frameborder=\"0\" allow=\"accelerometer; autoplay; clipboard-write; encrypted-media; gyroscope; picture-in-picture; web-share\" allowfullscreen loading=\"lazy\"><\/iframe><div class=\"vcex-video-overlay wpex-block wpex-absolute wpex-inset-0 wpex-cursor-pointer overlay-parent\"><img src=\"https:\/\/darafamilyoffice.com\/wp-content\/uploads\/2024\/10\/img-video-2-1.jpg\" loading=\"lazy\" decoding=\"async\" class=\"wpex-bg-black wpex-h-100 wpex-w-100 wpex-object-cover\" alt=\"\">\n<div class=\"overlay-video-icon_3 theme-overlay overlay-transform wpex-absolute wpex-inset-0 wpex-flex wpex-items-center wpex-justify-center\" aria-hidden=\"true\">\n\t<span class=\"overlay-bg wpex-bg-black wpex-block wpex-absolute wpex-inset-0 wpex-opacity-20\"><\/span><svg class=\"overlay__video-svg wpex-transition-transform wpex-duration-300 wpex-max-w-20 wpex-relative\" xmlns=\"http:\/\/www.w3.org\/2000\/svg\" height=\"60px\" viewBox=\"0 0 24 24\" width=\"60px\" fill=\"#FFFFFF\"><path d=\"M10.8 15.9l4.67-3.5c.27-.2.27-.6 0-.8L10.8 8.1c-.33-.25-.8-.01-.8.4v7c0 .41.47.65.8.4zM12 2C6.48 2 2 6.48 2 12s4.48 10 10 10 10-4.48 10-10S17.52 2 12 2zm0 18c-4.41 0-8-3.59-8-8s3.59-8 8-8 8 3.59 8 8-3.59 8-8 8z\"\/><\/svg>\n<\/div>\n<\/div><\/div><\/div>[\/vc_column][\/vc_row][\/vc_section]\n<\/div>","protected":false},"excerpt":{"rendered":"<p>[vc_section full_width=&#8221;stretch_row&#8221; wpex_bg_overlay=&#8221;color&#8221; wpex_bg_overlay_color=&#8221;accent&#8221; wpex_bg_overlay_opacity=&#8221;0.9&#8243; css=&#8221;.vc_custom_1730369778110{padding-top: 80px !important;padding-bottom: 80px !important;background-image: url(https:\/\/darafamilyoffice.com\/wp-content\/uploads\/2024\/10\/title-header-bg.jpg?id=610) !important;background-position: center !important;background-repeat: no-repeat !important;background-size: cover !important;}&#8221;][vc_row remove_bottom_col_margin=&#8221;true&#8221;][vc_column][\/vc_column][\/vc_row][\/vc_section][vc_section full_width=&#8221;stretch_row_content&#8221; css=&#8221;.vc_custom_1730710037652{padding-top: 0px !important;padding-bottom: 0px !important;}&#8221;][vc_row css_animation=&#8221;fadeInLeft&#8221; content_placement=&#8221;middle&#8221; column_spacing=&#8221;0px&#8221; equal_height=&#8221;yes&#8221; tablet_fullwidth_cols=&#8221;yes&#8221;][vc_column width=&#8221;1\/2&#8243; css=&#8221;.vc_custom_1717411558978{padding-top: 5% !important;padding-right: 10% !important;padding-bottom: 5% !important;padding-left: 10% !important;}&#8221; el_class=&#8221;degradat-corporatiu&#8221;][vc_column_text color=&#8221;#5b6670&#8243; font_size=&#8221;40px&#8221; font_weight=&#8221;300&#8243;] Inversions immobili\u00e0ries [\/vc_column_text][vc_column_text css=&#8221;&#8221; font_size=&#8221;20px&#8221;]D\u00e8cades gestionant actius immobiliaris amb l&#8217;objectiu de&hellip;<\/p>\n","protected":false},"author":1,"featured_media":0,"parent":0,"menu_order":0,"comment_status":"closed","ping_status":"closed","template":"","meta":{"footnotes":""},"class_list":["post-1094","page","type-page","status-publish","hentry","entry","no-media"],"yoast_head":"<!-- This site is optimized with the Yoast SEO plugin v24.3 - https:\/\/yoast.com\/wordpress\/plugins\/seo\/ -->\n<title>\u00c0rees d&#039;inversi\u00f3 - d&#039;Ara Family Office<\/title>\n<meta name=\"robots\" content=\"index, follow, max-snippet:-1, max-image-preview:large, max-video-preview:-1\" \/>\n<link rel=\"canonical\" href=\"https:\/\/darafamilyoffice.com\/ca\/arees-dinversio\/\" \/>\n<meta property=\"og:locale\" content=\"ca_ES\" \/>\n<meta property=\"og:type\" content=\"article\" \/>\n<meta property=\"og:title\" content=\"\u00c0rees d&#039;inversi\u00f3 - d&#039;Ara Family Office\" \/>\n<meta property=\"og:description\" content=\"[vc_section full_width=&#8221;stretch_row&#8221; wpex_bg_overlay=&#8221;color&#8221; wpex_bg_overlay_color=&#8221;accent&#8221; wpex_bg_overlay_opacity=&#8221;0.9&#8243; css=&#8221;.vc_custom_1730369778110{padding-top: 80px !important;padding-bottom: 80px !important;background-image: url(https:\/\/darafamilyoffice.com\/wp-content\/uploads\/2024\/10\/title-header-bg.jpg?id=610) !important;background-position: center !important;background-repeat: no-repeat !important;background-size: cover !important;}&#8221;][vc_row remove_bottom_col_margin=&#8221;true&#8221;][vc_column][\/vc_column][\/vc_row][\/vc_section][vc_section full_width=&#8221;stretch_row_content&#8221; css=&#8221;.vc_custom_1730710037652{padding-top: 0px !important;padding-bottom: 0px !important;}&#8221;][vc_row css_animation=&#8221;fadeInLeft&#8221; content_placement=&#8221;middle&#8221; column_spacing=&#8221;0px&#8221; equal_height=&#8221;yes&#8221; tablet_fullwidth_cols=&#8221;yes&#8221;][vc_column width=&#8221;1\/2&#8243; css=&#8221;.vc_custom_1717411558978{padding-top: 5% !important;padding-right: 10% !important;padding-bottom: 5% !important;padding-left: 10% !important;}&#8221; el_class=&#8221;degradat-corporatiu&#8221;][vc_column_text color=&#8221;#5b6670&#8243; font_size=&#8221;40px&#8221; font_weight=&#8221;300&#8243;] Inversions immobili\u00e0ries [\/vc_column_text][vc_column_text css=&#8221;&#8221; font_size=&#8221;20px&#8221;]D\u00e8cades gestionant actius immobiliaris amb l&#8217;objectiu de&hellip;\" \/>\n<meta property=\"og:url\" content=\"https:\/\/darafamilyoffice.com\/ca\/arees-dinversio\/\" \/>\n<meta property=\"og:site_name\" content=\"d&#039;Ara Family Office\" \/>\n<meta property=\"article:modified_time\" content=\"2025-01-28T10:15:25+00:00\" \/>\n<meta name=\"twitter:card\" content=\"summary_large_image\" \/>\n<meta name=\"twitter:label1\" content=\"Temps estimat de lectura\" \/>\n\t<meta name=\"twitter:data1\" content=\"2 minuts\" \/>\n<script type=\"application\/ld+json\" class=\"yoast-schema-graph\">{\"@context\":\"https:\/\/schema.org\",\"@graph\":[{\"@type\":\"WebPage\",\"@id\":\"https:\/\/darafamilyoffice.com\/ca\/arees-dinversio\/\",\"url\":\"https:\/\/darafamilyoffice.com\/ca\/arees-dinversio\/\",\"name\":\"\u00c0rees d'inversi\u00f3 - d&#039;Ara Family Office\",\"isPartOf\":{\"@id\":\"https:\/\/darafamilyoffice.com\/#website\"},\"datePublished\":\"2024-05-22T07:34:13+00:00\",\"dateModified\":\"2025-01-28T10:15:25+00:00\",\"breadcrumb\":{\"@id\":\"https:\/\/darafamilyoffice.com\/ca\/arees-dinversio\/#breadcrumb\"},\"inLanguage\":\"ca\",\"potentialAction\":[{\"@type\":\"ReadAction\",\"target\":[\"https:\/\/darafamilyoffice.com\/ca\/arees-dinversio\/\"]}]},{\"@type\":\"BreadcrumbList\",\"@id\":\"https:\/\/darafamilyoffice.com\/ca\/arees-dinversio\/#breadcrumb\",\"itemListElement\":[{\"@type\":\"ListItem\",\"position\":1,\"name\":\"Home\",\"item\":\"https:\/\/darafamilyoffice.com\/ca\/\"},{\"@type\":\"ListItem\",\"position\":2,\"name\":\"\u00c0rees d&#8217;inversi\u00f3\"}]},{\"@type\":\"WebSite\",\"@id\":\"https:\/\/darafamilyoffice.com\/#website\",\"url\":\"https:\/\/darafamilyoffice.com\/\",\"name\":\"d&#039;Ara Family Office\",\"description\":\"\",\"publisher\":{\"@id\":\"https:\/\/darafamilyoffice.com\/#organization\"},\"potentialAction\":[{\"@type\":\"SearchAction\",\"target\":{\"@type\":\"EntryPoint\",\"urlTemplate\":\"https:\/\/darafamilyoffice.com\/?s={search_term_string}\"},\"query-input\":{\"@type\":\"PropertyValueSpecification\",\"valueRequired\":true,\"valueName\":\"search_term_string\"}}],\"inLanguage\":\"ca\"},{\"@type\":\"Organization\",\"@id\":\"https:\/\/darafamilyoffice.com\/#organization\",\"name\":\"d&#039;Ara Family Office\",\"url\":\"https:\/\/darafamilyoffice.com\/\",\"logo\":{\"@type\":\"ImageObject\",\"inLanguage\":\"ca\",\"@id\":\"https:\/\/darafamilyoffice.com\/#\/schema\/logo\/image\/\",\"url\":\"https:\/\/darafamilyoffice.com\/wp-content\/uploads\/2024\/05\/logo-family-office.svg\",\"contentUrl\":\"https:\/\/darafamilyoffice.com\/wp-content\/uploads\/2024\/05\/logo-family-office.svg\",\"width\":351.8,\"height\":207,\"caption\":\"d&#039;Ara Family Office\"},\"image\":{\"@id\":\"https:\/\/darafamilyoffice.com\/#\/schema\/logo\/image\/\"}}]}<\/script>\n<!-- \/ Yoast SEO plugin. -->","yoast_head_json":{"title":"\u00c0rees d'inversi\u00f3 - d&#039;Ara Family Office","robots":{"index":"index","follow":"follow","max-snippet":"max-snippet:-1","max-image-preview":"max-image-preview:large","max-video-preview":"max-video-preview:-1"},"canonical":"https:\/\/darafamilyoffice.com\/ca\/arees-dinversio\/","og_locale":"ca_ES","og_type":"article","og_title":"\u00c0rees d'inversi\u00f3 - d&#039;Ara Family Office","og_description":"[vc_section full_width=&#8221;stretch_row&#8221; wpex_bg_overlay=&#8221;color&#8221; wpex_bg_overlay_color=&#8221;accent&#8221; wpex_bg_overlay_opacity=&#8221;0.9&#8243; css=&#8221;.vc_custom_1730369778110{padding-top: 80px !important;padding-bottom: 80px !important;background-image: url(https:\/\/darafamilyoffice.com\/wp-content\/uploads\/2024\/10\/title-header-bg.jpg?id=610) !important;background-position: center !important;background-repeat: no-repeat !important;background-size: cover !important;}&#8221;][vc_row remove_bottom_col_margin=&#8221;true&#8221;][vc_column][\/vc_column][\/vc_row][\/vc_section][vc_section full_width=&#8221;stretch_row_content&#8221; css=&#8221;.vc_custom_1730710037652{padding-top: 0px !important;padding-bottom: 0px !important;}&#8221;][vc_row css_animation=&#8221;fadeInLeft&#8221; content_placement=&#8221;middle&#8221; column_spacing=&#8221;0px&#8221; equal_height=&#8221;yes&#8221; tablet_fullwidth_cols=&#8221;yes&#8221;][vc_column width=&#8221;1\/2&#8243; css=&#8221;.vc_custom_1717411558978{padding-top: 5% !important;padding-right: 10% !important;padding-bottom: 5% !important;padding-left: 10% !important;}&#8221; el_class=&#8221;degradat-corporatiu&#8221;][vc_column_text color=&#8221;#5b6670&#8243; font_size=&#8221;40px&#8221; font_weight=&#8221;300&#8243;] Inversions immobili\u00e0ries [\/vc_column_text][vc_column_text css=&#8221;&#8221; font_size=&#8221;20px&#8221;]D\u00e8cades gestionant actius immobiliaris amb l&#8217;objectiu de&hellip;","og_url":"https:\/\/darafamilyoffice.com\/ca\/arees-dinversio\/","og_site_name":"d&#039;Ara Family Office","article_modified_time":"2025-01-28T10:15:25+00:00","twitter_card":"summary_large_image","twitter_misc":{"Temps estimat de lectura":"2 minuts"},"schema":{"@context":"https:\/\/schema.org","@graph":[{"@type":"WebPage","@id":"https:\/\/darafamilyoffice.com\/ca\/arees-dinversio\/","url":"https:\/\/darafamilyoffice.com\/ca\/arees-dinversio\/","name":"\u00c0rees d'inversi\u00f3 - d&#039;Ara Family Office","isPartOf":{"@id":"https:\/\/darafamilyoffice.com\/#website"},"datePublished":"2024-05-22T07:34:13+00:00","dateModified":"2025-01-28T10:15:25+00:00","breadcrumb":{"@id":"https:\/\/darafamilyoffice.com\/ca\/arees-dinversio\/#breadcrumb"},"inLanguage":"ca","potentialAction":[{"@type":"ReadAction","target":["https:\/\/darafamilyoffice.com\/ca\/arees-dinversio\/"]}]},{"@type":"BreadcrumbList","@id":"https:\/\/darafamilyoffice.com\/ca\/arees-dinversio\/#breadcrumb","itemListElement":[{"@type":"ListItem","position":1,"name":"Home","item":"https:\/\/darafamilyoffice.com\/ca\/"},{"@type":"ListItem","position":2,"name":"\u00c0rees d&#8217;inversi\u00f3"}]},{"@type":"WebSite","@id":"https:\/\/darafamilyoffice.com\/#website","url":"https:\/\/darafamilyoffice.com\/","name":"d&#039;Ara Family Office","description":"","publisher":{"@id":"https:\/\/darafamilyoffice.com\/#organization"},"potentialAction":[{"@type":"SearchAction","target":{"@type":"EntryPoint","urlTemplate":"https:\/\/darafamilyoffice.com\/?s={search_term_string}"},"query-input":{"@type":"PropertyValueSpecification","valueRequired":true,"valueName":"search_term_string"}}],"inLanguage":"ca"},{"@type":"Organization","@id":"https:\/\/darafamilyoffice.com\/#organization","name":"d&#039;Ara Family Office","url":"https:\/\/darafamilyoffice.com\/","logo":{"@type":"ImageObject","inLanguage":"ca","@id":"https:\/\/darafamilyoffice.com\/#\/schema\/logo\/image\/","url":"https:\/\/darafamilyoffice.com\/wp-content\/uploads\/2024\/05\/logo-family-office.svg","contentUrl":"https:\/\/darafamilyoffice.com\/wp-content\/uploads\/2024\/05\/logo-family-office.svg","width":351.8,"height":207,"caption":"d&#039;Ara Family Office"},"image":{"@id":"https:\/\/darafamilyoffice.com\/#\/schema\/logo\/image\/"}}]}},"_links":{"self":[{"href":"https:\/\/darafamilyoffice.com\/ca\/wp-json\/wp\/v2\/pages\/1094","targetHints":{"allow":["GET"]}}],"collection":[{"href":"https:\/\/darafamilyoffice.com\/ca\/wp-json\/wp\/v2\/pages"}],"about":[{"href":"https:\/\/darafamilyoffice.com\/ca\/wp-json\/wp\/v2\/types\/page"}],"author":[{"embeddable":true,"href":"https:\/\/darafamilyoffice.com\/ca\/wp-json\/wp\/v2\/users\/1"}],"replies":[{"embeddable":true,"href":"https:\/\/darafamilyoffice.com\/ca\/wp-json\/wp\/v2\/comments?post=1094"}],"version-history":[{"count":3,"href":"https:\/\/darafamilyoffice.com\/ca\/wp-json\/wp\/v2\/pages\/1094\/revisions"}],"predecessor-version":[{"id":1144,"href":"https:\/\/darafamilyoffice.com\/ca\/wp-json\/wp\/v2\/pages\/1094\/revisions\/1144"}],"wp:attachment":[{"href":"https:\/\/darafamilyoffice.com\/ca\/wp-json\/wp\/v2\/media?parent=1094"}],"curies":[{"name":"wp","href":"https:\/\/api.w.org\/{rel}","templated":true}]}}